{"id":68,"date":"2026-01-06T17:52:31","date_gmt":"2026-01-06T17:52:31","guid":{"rendered":"https:\/\/wiolettalorkowska.pl\/?page_id=68"},"modified":"2026-01-10T22:09:37","modified_gmt":"2026-01-10T22:09:37","slug":"%f0%9f%8d%aa-polityka-plikow-cookies","status":"publish","type":"page","link":"https:\/\/wiolettalorkowska.pl\/?page_id=68","title":{"rendered":"\ud83c\udf6a Polityka plik\u00f3w cookies"},"content":{"rendered":"\n<p>Niniejsza strona internetowa u\u017cywa plik\u00f3w cookies (tzw. \u201eciasteczek\u201d) w celu zapewnienia jej prawid\u0142owego dzia\u0142ania oraz poprawy komfortu korzystania z serwisu.<\/p>\n\n\n\n<h3 class=\"wp-block-heading\"><strong>Czym s\u0105 pliki cookies<\/strong>?<\/h3>\n\n\n\n<p>Pliki cookies to niewielkie pliki tekstowe zapisywane na urz\u0105dzeniu ko\u0144cowym u\u017cytkownika podczas korzystania ze strony internetowej.<\/p>\n\n\n\n<h3 class=\"wp-block-heading\"><strong>Rodzaje wykorzystywanych cookies<\/strong><\/h3>\n\n\n\n<p>Strona wykorzystuje:<\/p>\n\n\n\n<ul class=\"wp-block-list\">\n<li>cookies niezb\u0119dne \u2013 umo\u017cliwiaj\u0105ce prawid\u0142owe funkcjonowanie strony,<\/li>\n\n\n\n<li>cookies analityczne \u2013 s\u0142u\u017c\u0105ce do zbierania danych statystycznych (np. Google Analytics),<\/li>\n\n\n\n<li>cookies funkcjonalne \u2013 zapami\u0119tuj\u0105ce preferencje u\u017cytkownika<\/li>\n<\/ul>\n\n\n\n<h3 class=\"wp-block-heading\"><strong>Cel wykorzystywania cookies<\/strong><\/h3>\n\n\n\n<p>Pliki cookies wykorzystywane s\u0105 w celu<\/p>\n\n\n\n<ul class=\"wp-block-list\">\n<li>zapewnienia prawid\u0142owego dzia\u0142ania strony,<\/li>\n\n\n\n<li>poprawy jako\u015bci i funkcjonalno\u015bci serwisu,<\/li>\n\n\n\n<li>prowadzenia statystyk i analiz.<\/li>\n<\/ul>\n\n\n\n<h3 class=\"wp-block-heading\">Zgoda na pliki cookies<\/h3>\n\n\n\n<p>Podczas pierwszej wizyty na stronie u\u017cytkownik ma mo\u017cliwo\u015b\u0107 wyra\u017cenia zgody na u\u017cywanie plik\u00f3w cookies innych ni\u017c niezb\u0119dne. Zgoda ta mo\u017ce zosta\u0107 w ka\u017cdej chwili cofni\u0119ta lub zmieniona poprzez ustawienia przegl\u0105darki internetowej.<\/p>\n\n\n\n<h3 class=\"wp-block-heading\">Zarz\u0105dzanie plikami cookies<\/h3>\n\n\n\n<p>U\u017cytkownik mo\u017ce samodzielnie kontrolowa\u0107 i zarz\u0105dza\u0107 plikami cookies w ustawieniach swojej przegl\u0105darki. Ograniczenie stosowania plik\u00f3w cookies mo\u017ce jednak wp\u0142yn\u0105\u0107 na niekt\u00f3re funkcjonalno\u015bci strony.<\/p>\n\n\n\n<p><\/p>\n","protected":false},"excerpt":{"rendered":"<p>Niniejsza strona internetowa u\u017cywa plik\u00f3w cookies (tzw. \u201eciasteczek\u201d) w celu zapewnienia jej prawid\u0142owego dzia\u0142ania oraz poprawy komfortu korzystania z serwisu. Czym s\u0105 pliki cookies? Pliki cookies to niewielkie pliki tekstowe zapisywane na urz\u0105dzeniu ko\u0144cowym u\u017cytkownika podczas korzystania ze strony internetowej. Rodzaje wykorzystywanych cookies Strona wykorzystuje: Cel wykorzystywania cookies Pliki cookies wykorzystywane s\u0105 w celu Zgoda na pliki cookies Podczas pierwszej wizyty na stronie u\u017cytkownik ma mo\u017cliwo\u015b\u0107 wyra\u017cenia zgody na u\u017cywanie plik\u00f3w cookies innych ni\u017c niezb\u0119dne. Zgoda ta mo\u017ce zosta\u0107 w ka\u017cdej chwili cofni\u0119ta lub zmieniona poprzez ustawienia przegl\u0105darki internetowej. Zarz\u0105dzanie plikami cookies U\u017cytkownik mo\u017ce samodzielnie kontrolowa\u0107 i zarz\u0105dza\u0107 plikami cookies w ustawieniach swojej przegl\u0105darki. Ograniczenie stosowania plik\u00f3w cookies mo\u017ce jednak wp\u0142yn\u0105\u0107 na niekt\u00f3re funkcjonalno\u015bci strony.<\/p>\n","protected":false},"author":1,"featured_media":0,"parent":0,"menu_order":0,"comment_status":"closed","ping_status":"closed","template":"","meta":{"_uag_custom_page_level_css":"","footnotes":""},"class_list":["post-68","page","type-page","status-publish","hentry"],"yoast_head":"<!-- This site is optimized with the Yoast SEO plugin v27.3 - https:\/\/yoast.com\/product\/yoast-seo-wordpress\/ -->\n<title>\ud83c\udf6a Polityka plik\u00f3w cookies - Wioletta Lorkowska - autorka<\/title>\n<meta name=\"robots\" content=\"index, follow, max-snippet:-1, max-image-preview:large, max-video-preview:-1\" \/>\n<link rel=\"canonical\" href=\"https:\/\/wiolettalorkowska.pl\/?page_id=68\" \/>\n<meta property=\"og:locale\" content=\"pl_PL\" \/>\n<meta property=\"og:type\" content=\"article\" \/>\n<meta property=\"og:title\" content=\"\ud83c\udf6a Polityka plik\u00f3w cookies - Wioletta Lorkowska - autorka\" \/>\n<meta property=\"og:description\" content=\"Niniejsza strona internetowa u\u017cywa plik\u00f3w cookies (tzw. \u201eciasteczek\u201d) w celu zapewnienia jej prawid\u0142owego dzia\u0142ania oraz poprawy komfortu korzystania z serwisu. Czym s\u0105 pliki cookies? Pliki cookies to niewielkie pliki tekstowe zapisywane na urz\u0105dzeniu ko\u0144cowym u\u017cytkownika podczas korzystania ze strony internetowej. Rodzaje wykorzystywanych cookies Strona wykorzystuje: Cel wykorzystywania cookies Pliki cookies wykorzystywane s\u0105 w celu Zgoda na pliki cookies Podczas pierwszej wizyty na stronie u\u017cytkownik ma mo\u017cliwo\u015b\u0107 wyra\u017cenia zgody na u\u017cywanie plik\u00f3w cookies innych ni\u017c niezb\u0119dne. Zgoda ta mo\u017ce zosta\u0107 w ka\u017cdej chwili cofni\u0119ta lub zmieniona poprzez ustawienia przegl\u0105darki internetowej. Zarz\u0105dzanie plikami cookies U\u017cytkownik mo\u017ce samodzielnie kontrolowa\u0107 i zarz\u0105dza\u0107 plikami cookies w ustawieniach swojej przegl\u0105darki. Ograniczenie stosowania plik\u00f3w cookies mo\u017ce jednak wp\u0142yn\u0105\u0107 na niekt\u00f3re funkcjonalno\u015bci strony.\" \/>\n<meta property=\"og:url\" content=\"https:\/\/wiolettalorkowska.pl\/?page_id=68\" \/>\n<meta property=\"og:site_name\" content=\"Wioletta Lorkowska - autorka\" \/>\n<meta property=\"article:modified_time\" content=\"2026-01-10T22:09:37+00:00\" \/>\n<meta property=\"og:image\" content=\"https:\/\/wiolettalorkowska.pl\/wp-content\/uploads\/2026\/01\/IMG_20230818_094423_edit_30937913855694.jpg\" \/>\n\t<meta property=\"og:image:width\" content=\"2447\" \/>\n\t<meta property=\"og:image:height\" content=\"2151\" \/>\n\t<meta property=\"og:image:type\" content=\"image\/jpeg\" \/>\n<meta name=\"twitter:card\" content=\"summary_large_image\" \/>\n<meta name=\"twitter:label1\" content=\"Szacowany czas czytania\" \/>\n\t<meta name=\"twitter:data1\" content=\"1 minuta\" \/>\n<script type=\"application\/ld+json\" class=\"yoast-schema-graph\">{\"@context\":\"https:\\\/\\\/schema.org\",\"@graph\":[{\"@type\":\"WebPage\",\"@id\":\"https:\\\/\\\/wiolettalorkowska.pl\\\/?page_id=68\",\"url\":\"https:\\\/\\\/wiolettalorkowska.pl\\\/?page_id=68\",\"name\":\"\ud83c\udf6a Polityka plik\u00f3w cookies - Wioletta Lorkowska - autorka\",\"isPartOf\":{\"@id\":\"https:\\\/\\\/wiolettalorkowska.pl\\\/#website\"},\"datePublished\":\"2026-01-06T17:52:31+00:00\",\"dateModified\":\"2026-01-10T22:09:37+00:00\",\"breadcrumb\":{\"@id\":\"https:\\\/\\\/wiolettalorkowska.pl\\\/?page_id=68#breadcrumb\"},\"inLanguage\":\"pl-PL\",\"potentialAction\":[{\"@type\":\"ReadAction\",\"target\":[\"https:\\\/\\\/wiolettalorkowska.pl\\\/?page_id=68\"]}]},{\"@type\":\"BreadcrumbList\",\"@id\":\"https:\\\/\\\/wiolettalorkowska.pl\\\/?page_id=68#breadcrumb\",\"itemListElement\":[{\"@type\":\"ListItem\",\"position\":1,\"name\":\"Home\",\"item\":\"https:\\\/\\\/wiolettalorkowska.pl\\\/\"},{\"@type\":\"ListItem\",\"position\":2,\"name\":\"\ud83c\udf6a Polityka plik\u00f3w cookies\"}]},{\"@type\":\"WebSite\",\"@id\":\"https:\\\/\\\/wiolettalorkowska.pl\\\/#website\",\"url\":\"https:\\\/\\\/wiolettalorkowska.pl\\\/\",\"name\":\"Wioletta Lorkowska - Pisarz\",\"description\":\"Nikt nie rodzi si\u0119 Herosem, ale ka\u017cdy mo\u017ce nim zosta\u0107\",\"alternateName\":\"Wioletta Lorkowska\",\"potentialAction\":[{\"@type\":\"SearchAction\",\"target\":{\"@type\":\"EntryPoint\",\"urlTemplate\":\"https:\\\/\\\/wiolettalorkowska.pl\\\/?s={search_term_string}\"},\"query-input\":{\"@type\":\"PropertyValueSpecification\",\"valueRequired\":true,\"valueName\":\"search_term_string\"}}],\"inLanguage\":\"pl-PL\"}]}<\/script>\n<!-- \/ Yoast SEO plugin. -->","yoast_head_json":{"title":"\ud83c\udf6a Polityka plik\u00f3w cookies - Wioletta Lorkowska - autorka","robots":{"index":"index","follow":"follow","max-snippet":"max-snippet:-1","max-image-preview":"max-image-preview:large","max-video-preview":"max-video-preview:-1"},"canonical":"https:\/\/wiolettalorkowska.pl\/?page_id=68","og_locale":"pl_PL","og_type":"article","og_title":"\ud83c\udf6a Polityka plik\u00f3w cookies - Wioletta Lorkowska - autorka","og_description":"Niniejsza strona internetowa u\u017cywa plik\u00f3w cookies (tzw. \u201eciasteczek\u201d) w celu zapewnienia jej prawid\u0142owego dzia\u0142ania oraz poprawy komfortu korzystania z serwisu. Czym s\u0105 pliki cookies? Pliki cookies to niewielkie pliki tekstowe zapisywane na urz\u0105dzeniu ko\u0144cowym u\u017cytkownika podczas korzystania ze strony internetowej. Rodzaje wykorzystywanych cookies Strona wykorzystuje: Cel wykorzystywania cookies Pliki cookies wykorzystywane s\u0105 w celu Zgoda na pliki cookies Podczas pierwszej wizyty na stronie u\u017cytkownik ma mo\u017cliwo\u015b\u0107 wyra\u017cenia zgody na u\u017cywanie plik\u00f3w cookies innych ni\u017c niezb\u0119dne. Zgoda ta mo\u017ce zosta\u0107 w ka\u017cdej chwili cofni\u0119ta lub zmieniona poprzez ustawienia przegl\u0105darki internetowej. Zarz\u0105dzanie plikami cookies U\u017cytkownik mo\u017ce samodzielnie kontrolowa\u0107 i zarz\u0105dza\u0107 plikami cookies w ustawieniach swojej przegl\u0105darki. Ograniczenie stosowania plik\u00f3w cookies mo\u017ce jednak wp\u0142yn\u0105\u0107 na niekt\u00f3re funkcjonalno\u015bci strony.","og_url":"https:\/\/wiolettalorkowska.pl\/?page_id=68","og_site_name":"Wioletta Lorkowska - autorka","article_modified_time":"2026-01-10T22:09:37+00:00","og_image":[{"width":2447,"height":2151,"url":"https:\/\/wiolettalorkowska.pl\/wp-content\/uploads\/2026\/01\/IMG_20230818_094423_edit_30937913855694.jpg","type":"image\/jpeg"}],"twitter_card":"summary_large_image","twitter_misc":{"Szacowany czas czytania":"1 minuta"},"schema":{"@context":"https:\/\/schema.org","@graph":[{"@type":"WebPage","@id":"https:\/\/wiolettalorkowska.pl\/?page_id=68","url":"https:\/\/wiolettalorkowska.pl\/?page_id=68","name":"\ud83c\udf6a Polityka plik\u00f3w cookies - Wioletta Lorkowska - autorka","isPartOf":{"@id":"https:\/\/wiolettalorkowska.pl\/#website"},"datePublished":"2026-01-06T17:52:31+00:00","dateModified":"2026-01-10T22:09:37+00:00","breadcrumb":{"@id":"https:\/\/wiolettalorkowska.pl\/?page_id=68#breadcrumb"},"inLanguage":"pl-PL","potentialAction":[{"@type":"ReadAction","target":["https:\/\/wiolettalorkowska.pl\/?page_id=68"]}]},{"@type":"BreadcrumbList","@id":"https:\/\/wiolettalorkowska.pl\/?page_id=68#breadcrumb","itemListElement":[{"@type":"ListItem","position":1,"name":"Home","item":"https:\/\/wiolettalorkowska.pl\/"},{"@type":"ListItem","position":2,"name":"\ud83c\udf6a Polityka plik\u00f3w cookies"}]},{"@type":"WebSite","@id":"https:\/\/wiolettalorkowska.pl\/#website","url":"https:\/\/wiolettalorkowska.pl\/","name":"Wioletta Lorkowska - Pisarz","description":"Nikt nie rodzi si\u0119 Herosem, ale ka\u017cdy mo\u017ce nim zosta\u0107","alternateName":"Wioletta Lorkowska","potentialAction":[{"@type":"SearchAction","target":{"@type":"EntryPoint","urlTemplate":"https:\/\/wiolettalorkowska.pl\/?s={search_term_string}"},"query-input":{"@type":"PropertyValueSpecification","valueRequired":true,"valueName":"search_term_string"}}],"inLanguage":"pl-PL"}]}},"uagb_featured_image_src":{"full":false,"thumbnail":false,"medium":false,"medium_large":false,"large":false,"1536x1536":false,"2048x2048":false,"ashe-slider-full-thumbnail":false,"ashe-full-thumbnail":false,"ashe-list-thumbnail":false,"ashe-grid-thumbnail":false,"ashe-single-navigation":false},"uagb_author_info":{"display_name":"Wioletta Lorkowska","author_link":"https:\/\/wiolettalorkowska.pl\/?author=1"},"uagb_comment_info":0,"uagb_excerpt":"Niniejsza strona internetowa u\u017cywa plik\u00f3w cookies (tzw. \u201eciasteczek\u201d) w celu zapewnienia jej prawid\u0142owego dzia\u0142ania oraz poprawy komfortu korzystania z serwisu. Czym s\u0105 pliki cookies? Pliki cookies to niewielkie pliki tekstowe zapisywane na urz\u0105dzeniu ko\u0144cowym u\u017cytkownika podczas korzystania ze strony internetowej. Rodzaje wykorzystywanych cookies Strona wykorzystuje: Cel wykorzystywania cookies Pliki cookies wykorzystywane s\u0105 w celu Zgoda&hellip;","_links":{"self":[{"href":"https:\/\/wiolettalorkowska.pl\/index.php?rest_route=\/wp\/v2\/pages\/68","targetHints":{"allow":["GET"]}}],"collection":[{"href":"https:\/\/wiolettalorkowska.pl\/index.php?rest_route=\/wp\/v2\/pages"}],"about":[{"href":"https:\/\/wiolettalorkowska.pl\/index.php?rest_route=\/wp\/v2\/types\/page"}],"author":[{"embeddable":true,"href":"https:\/\/wiolettalorkowska.pl\/index.php?rest_route=\/wp\/v2\/users\/1"}],"replies":[{"embeddable":true,"href":"https:\/\/wiolettalorkowska.pl\/index.php?rest_route=%2Fwp%2Fv2%2Fcomments&post=68"}],"version-history":[{"count":2,"href":"https:\/\/wiolettalorkowska.pl\/index.php?rest_route=\/wp\/v2\/pages\/68\/revisions"}],"predecessor-version":[{"id":213,"href":"https:\/\/wiolettalorkowska.pl\/index.php?rest_route=\/wp\/v2\/pages\/68\/revisions\/213"}],"wp:attachment":[{"href":"https:\/\/wiolettalorkowska.pl\/index.php?rest_route=%2Fwp%2Fv2%2Fmedia&parent=68"}],"curies":[{"name":"wp","href":"https:\/\/api.w.org\/{rel}","templated":true}]}}