{"id":135,"date":"2026-01-07T18:37:06","date_gmt":"2026-01-07T18:37:06","guid":{"rendered":"https:\/\/wiolettalorkowska.pl\/?page_id=135"},"modified":"2026-01-07T18:54:51","modified_gmt":"2026-01-07T18:54:51","slug":"o-ksiazkach-rozmowa","status":"publish","type":"page","link":"https:\/\/wiolettalorkowska.pl\/?page_id=135","title":{"rendered":"Ksi\u0105\u017cki"},"content":{"rendered":"<div class=\"wp-block-image\">\n<figure class=\"aligncenter size-full is-resized\"><img loading=\"lazy\" decoding=\"async\" width=\"980\" height=\"714\" src=\"https:\/\/wiolettalorkowska.pl\/wp-content\/uploads\/2026\/01\/obraz17.png\" alt=\"ksi\u0105\u017cki\" class=\"wp-image-136\" style=\"aspect-ratio:1.3725840631143564;width:708px;height:auto\" srcset=\"https:\/\/wiolettalorkowska.pl\/wp-content\/uploads\/2026\/01\/obraz17.png 980w, https:\/\/wiolettalorkowska.pl\/wp-content\/uploads\/2026\/01\/obraz17-300x219.png 300w, https:\/\/wiolettalorkowska.pl\/wp-content\/uploads\/2026\/01\/obraz17-768x560.png 768w\" sizes=\"auto, (max-width: 980px) 100vw, 980px\" \/><\/figure>\n<\/div>\n\n\n<h1 class=\"wp-block-heading has-text-align-center\">O ksi\u0105\u017ckach \u2013 rozmowa<\/h1>\n\n\n\n<h2 class=\"wp-block-heading has-text-align-center\">Ksi\u0105\u017cki towarzysz\u0105 nam od zawsze \u2013 zanim nauczyli\u015bmy si\u0119 je czyta\u0107, zanim nauczyli\u015bmy si\u0119 je zapisywa\u0107. S\u0105 rozmow\u0105, pami\u0119ci\u0105 i wyobra\u017ani\u0105 zamkni\u0119t\u0105 w s\u0142owach. Sk\u0105d w\u0142a\u015bciwie si\u0119 wzi\u0119\u0142y i dlaczego tak g\u0142\u0119boko w nas zostaj\u0105?<\/h2>\n\n\n\n<p><\/p>\n\n\n\n<h3 class=\"wp-block-heading has-text-align-center\">Sk\u0105d wzi\u0119\u0142a si\u0119 pierwsza opowie\u015b\u0107?<\/h3>\n\n\n\n<p>W\u0142a\u015bciwie kiedy powsta\u0142a pierwsza powie\u015b\u0107? Czy w og\u00f3le wiadomo, jak to by\u0142o? Mo\u017ce napisa\u0142 j\u0105 jaki\u015b jegomo\u015b\u0107 w s\u0119dziwym wieku, a mo\u017ce ca\u0142kiem m\u0142ody cz\u0142owiek. <\/p>\n\n\n\n<p>Mo\u017ce by\u0142a to dostojna niewiasta, a mo\u017ce jeszcze m\u0142\u00f3dka, kt\u00f3ra niewiele zd\u0105\u017cy\u0142a prze\u017cy\u0107, ale ju\u017c oczami wyobra\u017ani przemierzy\u0142a \u015bwiaty, l\u0105dy i krainy tak wspania\u0142e, \u017ce kto\u015b zapragn\u0105\u0142 je spisa\u0107.<\/p>\n\n\n\n<p>Czy pierwsza opowie\u015b\u0107 by\u0142a zapisem do\u015bwiadczenia, czy raczej marzeniem?<\/p>\n\n\n\n<p><\/p>\n\n\n\n<h3 class=\"wp-block-heading has-text-align-center\">Opowie\u015bci przy ogniu<\/h3>\n\n\n\n<p>M\u00f3wi\u0105, \u017ce pierwsze historie by\u0142y o bogach. Tak je zapisano, tak je powtarzano \u2013 jeden drugiemu \u2013 gdy \u015bwiat marz\u0142, a s\u0142abe \u015bwiat\u0142o ognia ledwie skwiercza\u0142o. <\/p>\n\n\n\n<p>\u0141atwiej by\u0142o przetrwa\u0107, gdy snu\u0142o si\u0119 opowie\u015bci o wielkich wyprawach, o pot\u0119\u017cnych herosach, o z\u0142otych ludziach i okrutnych bogach, co ludzi na pr\u00f3by wystawiali.<\/p>\n\n\n\n<p>Czy bez tych historii cz\u0142owiek poradzi\u0142by sobie z l\u0119kiem i ciemno\u015bci\u0105?<\/p>\n\n\n\n<p><\/p>\n\n\n\n<h3 class=\"wp-block-heading has-text-align-center\">Historie ku przestrodze<\/h3>\n\n\n\n<p>Ci od szkie\u0142ka i oka, co wszystko mierz\u0105 i wa\u017c\u0105, co licz\u0105 i niczemu nie daj\u0105 wiary, p\u00f3ki \u2013 jak Tomasz \u2013 palcem nie dotkn\u0105, powiadaj\u0105, \u017ce pierwsze opowie\u015bci powstawa\u0142y ku przestrodze. <\/p>\n\n\n\n<p>By\u0142y pierwszym wersem nauki \u2013 histori\u0105, kt\u00f3ra nios\u0142a ze sob\u0105 mora\u0142.<\/p>\n\n\n\n<p>Czy dzi\u015b tak\u017ce szukamy w ksi\u0105\u017ckach odpowiedzi i drogowskaz\u00f3w?<\/p>\n\n\n\n<p><\/p>\n\n\n\n<h3 class=\"wp-block-heading has-text-align-center\">Ksi\u0105\u017cki jak gobelin<\/h3>\n\n\n\n<p>Dzi\u015b opowie\u015bci i ucz\u0105, i bawi\u0105. S\u0105 jak tkanina mieni\u0105ca si\u0119 tysi\u0105cami nici \u2013 niczym gobelin powiewaj\u0105cy na \u015bcianie, kt\u00f3ry cieszy oko i ducha. Ka\u017cda ni\u0107 to inny los, inna emocja, inne spojrzenie na \u015bwiat.<\/p>\n\n\n\n<p>Jakie nici splataj\u0105 Twoje ulubione <strong>ksi\u0105\u017cki<\/strong>?<\/p>\n\n\n\n<p><\/p>\n\n\n\n<h3 class=\"wp-block-heading has-text-align-center\">Dom pe\u0142en czytania<\/h3>\n\n\n\n<p>Pami\u0119tam, \u017ce w moim domu zawsze si\u0119 czyta\u0142o. Ka\u017cdy trzyma\u0142 w d\u0142oniach inn\u0105 <strong>ksi\u0105\u017ck\u0119<\/strong>. Rodzice czytali historie o mi\u0142o\u015bci i zdradach, o przewrotnych rodach skrywaj\u0105cych mroczne sekrety, kt\u00f3re tylko zaginione, tajemnicze dziecko \u2013 odnalezione po latach \u2013 mog\u0142o wyjawi\u0107. <\/p>\n\n\n\n<p>Czytali romanse: lekkie i trywialne, ale te\u017c te mroczne, z domieszk\u0105 horroru i grozy.<\/p>\n\n\n\n<p>Czy pami\u0119tasz, co czytali doro\u015bli w Twoim domu?<\/p>\n\n\n\n<p><\/p>\n\n\n\n<h3 class=\"wp-block-heading has-text-align-center\">Nocne opowie\u015bci<\/h3>\n\n\n\n<p>Moja siostra czyta\u0142a wszystko. Mia\u0142a swoje ulubione <strong>ksi\u0105\u017cki<\/strong>, o kt\u00f3rych opowiada\u0142a mi nocami, gdy mr\u00f3z malowa\u0142 na szybach przepi\u0119kne wzory.<\/p>\n\n\n\n<p>Czy kto\u015b opowiada\u0142 Ci kiedy\u015b <strong>ksi\u0105\u017cki<\/strong>, zanim sam(a) po nie si\u0119gn\u0105\u0142e\u015b(-a\u015b)?<\/p>\n\n\n\n<p><\/p>\n\n\n\n<h3 class=\"wp-block-heading has-text-align-center\">Czytanie z my\u015bli<\/h3>\n\n\n\n<p>A ja \u2013 poniewa\u017c czyta\u0107 jeszcze nie umia\u0142am \u2013 robi\u0142am to, co robi\u0105 dzieci, gdy widz\u0105 doros\u0142ych: chcia\u0142am by\u0107 jak oni. Czyta\u0142am wi\u0119c\u2026 z my\u015bli. Podobno robi\u0142am to tak wspaniale, \u017ce s\u0142uchali mnie z zapartym tchem.<\/p>\n\n\n\n<p>Czy pami\u0119tasz moment, w kt\u00f3rym <strong>ksi\u0105\u017cki<\/strong> sta\u0142y si\u0119 dla Ciebie czym\u015b wi\u0119cej ni\u017c tylko przedmiotem?<\/p>\n\n\n\n<p><\/p>\n\n\n\n<h3 class=\"wp-block-heading has-text-align-center\">Moja pierwsza ksi\u0105\u017cka<\/h3>\n\n\n\n<p>By\u0142am bardzo ma\u0142a \u2013 ledwie nauczy\u0142am si\u0119 chodzi\u0107, ale podobno m\u00f3wi\u0107 potrafi\u0142am ju\u017c sporo. <\/p>\n\n\n\n<p>Jaki\u015b czas temu znalaz\u0142am na Vinted <strong>ksi\u0105\u017ck\u0119<\/strong>, kt\u00f3r\u0105 pami\u0119ta\u0142am z dzieci\u0144stwa. Czyta\u0142 mi j\u0105 dziadek, gdy \u2013 skaranie boskie dla niego\u2013 musia\u0142 zostawa\u0107 ze mn\u0105 w domu.<\/p>\n\n\n\n<p><strong>Ksi\u0105\u017cki<\/strong> by\u0142y jedyn\u0105 rzecz\u0105, kt\u00f3ra potrafi\u0142a mnie uciszy\u0107. Z sentymentu, a mo\u017ce ku pami\u0119ci, kupi\u0142am j\u0105 \u2013 \u201e<em>Syn wdowy<\/em>\u201d. <\/p>\n\n\n\n<p>Zadzwoni\u0142am do taty, \u017ceby si\u0119 pochwali\u0107, a on powiedzia\u0142 mi co\u015b zaskakuj\u0105cego.<\/p>\n\n\n\n<p><\/p>\n\n\n\n<h3 class=\"wp-block-heading has-text-align-center\">Pierwsza opowie\u015b\u0107<\/h3>\n\n\n\n<p>To nie dziadek czyta\u0142 mi. To ja czyta\u0142am jemu. \ud83d\ude42<\/p>\n\n\n\n<p>Po swojemu. Zupe\u0142nie inaczej. Troch\u0119 z pami\u0119ci, troch\u0119 z obrazk\u00f3w, troch\u0119 z w\u0142asnej inicjatywy. Tak bardzo mu si\u0119 to spodoba\u0142o, \u017ce wszyscy s\u0142uchali.<\/p>\n\n\n\n<p>Tak powsta\u0142a moja pierwsza opowie\u015b\u0107.<\/p>\n\n\n\n<p>Czy ka\u017cda historia nie zaczyna si\u0119 w\u0142a\u015bnie w ten spos\u00f3b \u2013 od potrzeby opowiedzenia?<\/p>\n\n\n\n<p><\/p>\n\n\n\n<h3 class=\"wp-block-heading has-text-align-center\">Dlaczego pisz\u0119?<\/h3>\n\n\n\n<p>Pewnie ju\u017c wtedy narodzi\u0142a si\u0119 my\u015bl, by pisa\u0107 \u2013 tworzy\u0107 i zara\u017ca\u0107 innych w\u0142asnymi \u015bwiatami. Dlatego dzi\u015b pisz\u0119. A teraz wy mo\u017cecie czyta\u0107 o tym, co zrodzi\u0142o si\u0119 w mojej g\u0142owie: o bohaterach, krainach i wyborach, kt\u00f3re nie zawsze s\u0105 proste.<\/p>\n\n\n\n<p><strong>A Ty?<\/strong><br>Jaka by\u0142a Twoja pierwsza opowie\u015b\u0107 \u2013 ta us\u0142yszana lub ta, kt\u00f3r\u0105 sam(a) stworzy\u0142e\u015b(-a\u015b)?<\/p>\n","protected":false},"excerpt":{"rendered":"<p>O ksi\u0105\u017ckach \u2013 rozmowa Ksi\u0105\u017cki towarzysz\u0105 nam od zawsze \u2013 zanim nauczyli\u015bmy si\u0119 je czyta\u0107, zanim nauczyli\u015bmy si\u0119 je zapisywa\u0107. S\u0105 rozmow\u0105, pami\u0119ci\u0105 i wyobra\u017ani\u0105 zamkni\u0119t\u0105 w s\u0142owach. Sk\u0105d w\u0142a\u015bciwie si\u0119 wzi\u0119\u0142y i dlaczego tak g\u0142\u0119boko w nas zostaj\u0105? Sk\u0105d wzi\u0119\u0142a si\u0119 pierwsza opowie\u015b\u0107? W\u0142a\u015bciwie kiedy powsta\u0142a pierwsza powie\u015b\u0107? Czy w og\u00f3le wiadomo, jak to by\u0142o? Mo\u017ce napisa\u0142 j\u0105 jaki\u015b jegomo\u015b\u0107 w s\u0119dziwym wieku, a mo\u017ce ca\u0142kiem m\u0142ody cz\u0142owiek. Mo\u017ce by\u0142a to dostojna niewiasta, a mo\u017ce jeszcze m\u0142\u00f3dka, kt\u00f3ra niewiele zd\u0105\u017cy\u0142a prze\u017cy\u0107, ale ju\u017c oczami wyobra\u017ani przemierzy\u0142a \u015bwiaty, l\u0105dy i krainy tak wspania\u0142e, \u017ce kto\u015b zapragn\u0105\u0142 je spisa\u0107. Czy pierwsza opowie\u015b\u0107 by\u0142a zapisem do\u015bwiadczenia, czy raczej marzeniem? Opowie\u015bci przy ogniu M\u00f3wi\u0105, \u017ce pierwsze historie by\u0142y o bogach. Tak je zapisano, tak je powtarzano \u2013 jeden drugiemu \u2013 gdy \u015bwiat marz\u0142, a s\u0142abe \u015bwiat\u0142o ognia ledwie skwiercza\u0142o. \u0141atwiej by\u0142o przetrwa\u0107, gdy snu\u0142o si\u0119 opowie\u015bci o wielkich wyprawach, o pot\u0119\u017cnych herosach, o z\u0142otych ludziach i okrutnych bogach, co ludzi na pr\u00f3by wystawiali. Czy bez tych historii cz\u0142owiek poradzi\u0142by sobie z l\u0119kiem i ciemno\u015bci\u0105? Historie ku przestrodze Ci od szkie\u0142ka i oka, co wszystko mierz\u0105 i wa\u017c\u0105, co licz\u0105 i niczemu nie daj\u0105 wiary, p\u00f3ki \u2013 jak Tomasz \u2013 palcem nie dotkn\u0105, powiadaj\u0105, \u017ce pierwsze opowie\u015bci powstawa\u0142y ku przestrodze. By\u0142y pierwszym wersem nauki \u2013 histori\u0105, kt\u00f3ra nios\u0142a ze sob\u0105 mora\u0142. Czy dzi\u015b tak\u017ce szukamy w ksi\u0105\u017ckach odpowiedzi i drogowskaz\u00f3w? Ksi\u0105\u017cki jak gobelin Dzi\u015b opowie\u015bci i ucz\u0105, i bawi\u0105. S\u0105 jak tkanina mieni\u0105ca si\u0119 tysi\u0105cami nici \u2013 niczym gobelin powiewaj\u0105cy na \u015bcianie, kt\u00f3ry cieszy oko i ducha. Ka\u017cda ni\u0107 to inny los, inna emocja, inne spojrzenie na \u015bwiat. Jakie nici splataj\u0105 Twoje ulubione ksi\u0105\u017cki? Dom pe\u0142en czytania Pami\u0119tam, \u017ce w moim domu zawsze si\u0119 czyta\u0142o. Ka\u017cdy trzyma\u0142 w d\u0142oniach inn\u0105 ksi\u0105\u017ck\u0119. Rodzice czytali historie o mi\u0142o\u015bci i zdradach, o przewrotnych rodach skrywaj\u0105cych mroczne sekrety, kt\u00f3re tylko zaginione, tajemnicze dziecko \u2013 odnalezione po latach \u2013 mog\u0142o wyjawi\u0107. Czytali romanse: lekkie i trywialne, ale te\u017c te mroczne, z domieszk\u0105 horroru i grozy. Czy pami\u0119tasz, co czytali doro\u015bli w Twoim domu? Nocne opowie\u015bci Moja siostra czyta\u0142a wszystko. Mia\u0142a swoje ulubione ksi\u0105\u017cki, o kt\u00f3rych opowiada\u0142a mi nocami, gdy mr\u00f3z malowa\u0142 na szybach przepi\u0119kne wzory. Czy kto\u015b opowiada\u0142 Ci kiedy\u015b ksi\u0105\u017cki, zanim sam(a) po nie si\u0119gn\u0105\u0142e\u015b(-a\u015b)? Czytanie z my\u015bli A ja \u2013 poniewa\u017c czyta\u0107 jeszcze nie umia\u0142am \u2013 robi\u0142am to, co robi\u0105 dzieci, gdy widz\u0105 doros\u0142ych: chcia\u0142am by\u0107 jak oni. Czyta\u0142am wi\u0119c\u2026 z my\u015bli. Podobno robi\u0142am to tak wspaniale, \u017ce s\u0142uchali mnie z zapartym tchem. Czy pami\u0119tasz moment, w kt\u00f3rym ksi\u0105\u017cki sta\u0142y si\u0119 dla Ciebie czym\u015b wi\u0119cej ni\u017c tylko przedmiotem? Moja pierwsza ksi\u0105\u017cka By\u0142am bardzo ma\u0142a \u2013 ledwie nauczy\u0142am si\u0119 chodzi\u0107, ale podobno m\u00f3wi\u0107 potrafi\u0142am ju\u017c sporo. Jaki\u015b czas temu znalaz\u0142am na Vinted ksi\u0105\u017ck\u0119, kt\u00f3r\u0105 pami\u0119ta\u0142am z dzieci\u0144stwa. Czyta\u0142 mi j\u0105 dziadek, gdy \u2013 skaranie boskie dla niego\u2013 musia\u0142 zostawa\u0107 ze mn\u0105 w domu. Ksi\u0105\u017cki by\u0142y jedyn\u0105 rzecz\u0105, kt\u00f3ra potrafi\u0142a mnie uciszy\u0107. Z sentymentu, a mo\u017ce ku pami\u0119ci, kupi\u0142am j\u0105 \u2013 \u201eSyn wdowy\u201d. Zadzwoni\u0142am do taty, \u017ceby si\u0119 pochwali\u0107, a on powiedzia\u0142 mi co\u015b zaskakuj\u0105cego. Pierwsza opowie\u015b\u0107 To nie dziadek czyta\u0142 mi. To ja czyta\u0142am jemu. \ud83d\ude42 Po swojemu. Zupe\u0142nie inaczej. Troch\u0119 z pami\u0119ci, troch\u0119 z obrazk\u00f3w, troch\u0119 z w\u0142asnej inicjatywy. Tak bardzo mu si\u0119 to spodoba\u0142o, \u017ce wszyscy s\u0142uchali. Tak powsta\u0142a moja pierwsza opowie\u015b\u0107. Czy ka\u017cda historia nie zaczyna si\u0119 w\u0142a\u015bnie w ten spos\u00f3b \u2013 od potrzeby opowiedzenia? Dlaczego pisz\u0119? Pewnie ju\u017c wtedy narodzi\u0142a si\u0119 my\u015bl, by pisa\u0107 \u2013 tworzy\u0107 i zara\u017ca\u0107 innych w\u0142asnymi \u015bwiatami. Dlatego dzi\u015b pisz\u0119. A teraz wy mo\u017cecie czyta\u0107 o tym, co zrodzi\u0142o si\u0119 w mojej g\u0142owie: o bohaterach, krainach i wyborach, kt\u00f3re nie zawsze s\u0105 proste. A Ty?Jaka by\u0142a Twoja pierwsza opowie\u015b\u0107 \u2013 ta us\u0142yszana lub ta, kt\u00f3r\u0105 sam(a) stworzy\u0142e\u015b(-a\u015b)?<\/p>\n","protected":false},"author":1,"featured_media":0,"parent":0,"menu_order":0,"comment_status":"closed","ping_status":"closed","template":"","meta":{"_uag_custom_page_level_css":"","footnotes":""},"class_list":["post-135","page","type-page","status-publish","hentry"],"yoast_head":"<!-- This site is optimized with the Yoast SEO plugin v27.3 - https:\/\/yoast.com\/product\/yoast-seo-wordpress\/ -->\n<title>Ksi\u0105\u017cki - Wioletta Lorkowska - autorka<\/title>\n<meta name=\"description\" content=\"Ksi\u0105\u017cki towarzysz\u0105 nam od zawsze \u2013 zanim nauczyli\u015bmy si\u0119 je czyta\u0107, zanim nauczyli\u015bmy si\u0119 je zapisywa\u0107. S\u0105 rozmow\u0105, pami\u0119ci\u0105, nauk\u0105.\" \/>\n<meta name=\"robots\" content=\"index, follow, max-snippet:-1, max-image-preview:large, max-video-preview:-1\" \/>\n<link rel=\"canonical\" href=\"https:\/\/wiolettalorkowska.pl\/?page_id=135\" \/>\n<meta property=\"og:locale\" content=\"pl_PL\" \/>\n<meta property=\"og:type\" content=\"article\" \/>\n<meta property=\"og:title\" content=\"Ksi\u0105\u017cki - Wioletta Lorkowska - autorka\" \/>\n<meta property=\"og:description\" content=\"Ksi\u0105\u017cki towarzysz\u0105 nam od zawsze \u2013 zanim nauczyli\u015bmy si\u0119 je czyta\u0107, zanim nauczyli\u015bmy si\u0119 je zapisywa\u0107. S\u0105 rozmow\u0105, pami\u0119ci\u0105, nauk\u0105.\" \/>\n<meta property=\"og:url\" content=\"https:\/\/wiolettalorkowska.pl\/?page_id=135\" \/>\n<meta property=\"og:site_name\" content=\"Wioletta Lorkowska - autorka\" \/>\n<meta property=\"article:modified_time\" content=\"2026-01-07T18:54:51+00:00\" \/>\n<meta property=\"og:image\" content=\"https:\/\/wiolettalorkowska.pl\/wp-content\/uploads\/2026\/01\/obraz17.png\" \/>\n\t<meta property=\"og:image:width\" content=\"980\" \/>\n\t<meta property=\"og:image:height\" content=\"714\" \/>\n\t<meta property=\"og:image:type\" content=\"image\/png\" \/>\n<meta name=\"twitter:card\" content=\"summary_large_image\" \/>\n<meta name=\"twitter:label1\" content=\"Szacowany czas czytania\" \/>\n\t<meta name=\"twitter:data1\" content=\"3 minuty\" \/>\n<script type=\"application\/ld+json\" class=\"yoast-schema-graph\">{\"@context\":\"https:\\\/\\\/schema.org\",\"@graph\":[{\"@type\":\"WebPage\",\"@id\":\"https:\\\/\\\/wiolettalorkowska.pl\\\/?page_id=135\",\"url\":\"https:\\\/\\\/wiolettalorkowska.pl\\\/?page_id=135\",\"name\":\"Ksi\u0105\u017cki - Wioletta Lorkowska - autorka\",\"isPartOf\":{\"@id\":\"https:\\\/\\\/wiolettalorkowska.pl\\\/#website\"},\"primaryImageOfPage\":{\"@id\":\"https:\\\/\\\/wiolettalorkowska.pl\\\/?page_id=135#primaryimage\"},\"image\":{\"@id\":\"https:\\\/\\\/wiolettalorkowska.pl\\\/?page_id=135#primaryimage\"},\"thumbnailUrl\":\"https:\\\/\\\/wiolettalorkowska.pl\\\/wp-content\\\/uploads\\\/2026\\\/01\\\/obraz17.png\",\"datePublished\":\"2026-01-07T18:37:06+00:00\",\"dateModified\":\"2026-01-07T18:54:51+00:00\",\"description\":\"Ksi\u0105\u017cki towarzysz\u0105 nam od zawsze \u2013 zanim nauczyli\u015bmy si\u0119 je czyta\u0107, zanim nauczyli\u015bmy si\u0119 je zapisywa\u0107. S\u0105 rozmow\u0105, pami\u0119ci\u0105, nauk\u0105.\",\"breadcrumb\":{\"@id\":\"https:\\\/\\\/wiolettalorkowska.pl\\\/?page_id=135#breadcrumb\"},\"inLanguage\":\"pl-PL\",\"potentialAction\":[{\"@type\":\"ReadAction\",\"target\":[\"https:\\\/\\\/wiolettalorkowska.pl\\\/?page_id=135\"]}]},{\"@type\":\"ImageObject\",\"inLanguage\":\"pl-PL\",\"@id\":\"https:\\\/\\\/wiolettalorkowska.pl\\\/?page_id=135#primaryimage\",\"url\":\"https:\\\/\\\/wiolettalorkowska.pl\\\/wp-content\\\/uploads\\\/2026\\\/01\\\/obraz17.png\",\"contentUrl\":\"https:\\\/\\\/wiolettalorkowska.pl\\\/wp-content\\\/uploads\\\/2026\\\/01\\\/obraz17.png\",\"width\":980,\"height\":714,\"caption\":\"ksi\u0105\u017cki\"},{\"@type\":\"BreadcrumbList\",\"@id\":\"https:\\\/\\\/wiolettalorkowska.pl\\\/?page_id=135#breadcrumb\",\"itemListElement\":[{\"@type\":\"ListItem\",\"position\":1,\"name\":\"Home\",\"item\":\"https:\\\/\\\/wiolettalorkowska.pl\\\/\"},{\"@type\":\"ListItem\",\"position\":2,\"name\":\"Ksi\u0105\u017cki\"}]},{\"@type\":\"WebSite\",\"@id\":\"https:\\\/\\\/wiolettalorkowska.pl\\\/#website\",\"url\":\"https:\\\/\\\/wiolettalorkowska.pl\\\/\",\"name\":\"Wioletta Lorkowska - Pisarz\",\"description\":\"Nikt nie rodzi si\u0119 Herosem, ale ka\u017cdy mo\u017ce nim zosta\u0107\",\"alternateName\":\"Wioletta Lorkowska\",\"potentialAction\":[{\"@type\":\"SearchAction\",\"target\":{\"@type\":\"EntryPoint\",\"urlTemplate\":\"https:\\\/\\\/wiolettalorkowska.pl\\\/?s={search_term_string}\"},\"query-input\":{\"@type\":\"PropertyValueSpecification\",\"valueRequired\":true,\"valueName\":\"search_term_string\"}}],\"inLanguage\":\"pl-PL\"}]}<\/script>\n<!-- \/ Yoast SEO plugin. -->","yoast_head_json":{"title":"Ksi\u0105\u017cki - Wioletta Lorkowska - autorka","description":"Ksi\u0105\u017cki towarzysz\u0105 nam od zawsze \u2013 zanim nauczyli\u015bmy si\u0119 je czyta\u0107, zanim nauczyli\u015bmy si\u0119 je zapisywa\u0107. S\u0105 rozmow\u0105, pami\u0119ci\u0105, nauk\u0105.","robots":{"index":"index","follow":"follow","max-snippet":"max-snippet:-1","max-image-preview":"max-image-preview:large","max-video-preview":"max-video-preview:-1"},"canonical":"https:\/\/wiolettalorkowska.pl\/?page_id=135","og_locale":"pl_PL","og_type":"article","og_title":"Ksi\u0105\u017cki - Wioletta Lorkowska - autorka","og_description":"Ksi\u0105\u017cki towarzysz\u0105 nam od zawsze \u2013 zanim nauczyli\u015bmy si\u0119 je czyta\u0107, zanim nauczyli\u015bmy si\u0119 je zapisywa\u0107. S\u0105 rozmow\u0105, pami\u0119ci\u0105, nauk\u0105.","og_url":"https:\/\/wiolettalorkowska.pl\/?page_id=135","og_site_name":"Wioletta Lorkowska - autorka","article_modified_time":"2026-01-07T18:54:51+00:00","og_image":[{"width":980,"height":714,"url":"https:\/\/wiolettalorkowska.pl\/wp-content\/uploads\/2026\/01\/obraz17.png","type":"image\/png"}],"twitter_card":"summary_large_image","twitter_misc":{"Szacowany czas czytania":"3 minuty"},"schema":{"@context":"https:\/\/schema.org","@graph":[{"@type":"WebPage","@id":"https:\/\/wiolettalorkowska.pl\/?page_id=135","url":"https:\/\/wiolettalorkowska.pl\/?page_id=135","name":"Ksi\u0105\u017cki - Wioletta Lorkowska - autorka","isPartOf":{"@id":"https:\/\/wiolettalorkowska.pl\/#website"},"primaryImageOfPage":{"@id":"https:\/\/wiolettalorkowska.pl\/?page_id=135#primaryimage"},"image":{"@id":"https:\/\/wiolettalorkowska.pl\/?page_id=135#primaryimage"},"thumbnailUrl":"https:\/\/wiolettalorkowska.pl\/wp-content\/uploads\/2026\/01\/obraz17.png","datePublished":"2026-01-07T18:37:06+00:00","dateModified":"2026-01-07T18:54:51+00:00","description":"Ksi\u0105\u017cki towarzysz\u0105 nam od zawsze \u2013 zanim nauczyli\u015bmy si\u0119 je czyta\u0107, zanim nauczyli\u015bmy si\u0119 je zapisywa\u0107. S\u0105 rozmow\u0105, pami\u0119ci\u0105, nauk\u0105.","breadcrumb":{"@id":"https:\/\/wiolettalorkowska.pl\/?page_id=135#breadcrumb"},"inLanguage":"pl-PL","potentialAction":[{"@type":"ReadAction","target":["https:\/\/wiolettalorkowska.pl\/?page_id=135"]}]},{"@type":"ImageObject","inLanguage":"pl-PL","@id":"https:\/\/wiolettalorkowska.pl\/?page_id=135#primaryimage","url":"https:\/\/wiolettalorkowska.pl\/wp-content\/uploads\/2026\/01\/obraz17.png","contentUrl":"https:\/\/wiolettalorkowska.pl\/wp-content\/uploads\/2026\/01\/obraz17.png","width":980,"height":714,"caption":"ksi\u0105\u017cki"},{"@type":"BreadcrumbList","@id":"https:\/\/wiolettalorkowska.pl\/?page_id=135#breadcrumb","itemListElement":[{"@type":"ListItem","position":1,"name":"Home","item":"https:\/\/wiolettalorkowska.pl\/"},{"@type":"ListItem","position":2,"name":"Ksi\u0105\u017cki"}]},{"@type":"WebSite","@id":"https:\/\/wiolettalorkowska.pl\/#website","url":"https:\/\/wiolettalorkowska.pl\/","name":"Wioletta Lorkowska - Pisarz","description":"Nikt nie rodzi si\u0119 Herosem, ale ka\u017cdy mo\u017ce nim zosta\u0107","alternateName":"Wioletta Lorkowska","potentialAction":[{"@type":"SearchAction","target":{"@type":"EntryPoint","urlTemplate":"https:\/\/wiolettalorkowska.pl\/?s={search_term_string}"},"query-input":{"@type":"PropertyValueSpecification","valueRequired":true,"valueName":"search_term_string"}}],"inLanguage":"pl-PL"}]}},"uagb_featured_image_src":{"full":false,"thumbnail":false,"medium":false,"medium_large":false,"large":false,"1536x1536":false,"2048x2048":false,"ashe-slider-full-thumbnail":false,"ashe-full-thumbnail":false,"ashe-list-thumbnail":false,"ashe-grid-thumbnail":false,"ashe-single-navigation":false},"uagb_author_info":{"display_name":"Wioletta Lorkowska","author_link":"https:\/\/wiolettalorkowska.pl\/?author=1"},"uagb_comment_info":0,"uagb_excerpt":"O ksi\u0105\u017ckach \u2013 rozmowa Ksi\u0105\u017cki towarzysz\u0105 nam od zawsze \u2013 zanim nauczyli\u015bmy si\u0119 je czyta\u0107, zanim nauczyli\u015bmy si\u0119 je zapisywa\u0107. S\u0105 rozmow\u0105, pami\u0119ci\u0105 i wyobra\u017ani\u0105 zamkni\u0119t\u0105 w s\u0142owach. Sk\u0105d w\u0142a\u015bciwie si\u0119 wzi\u0119\u0142y i dlaczego tak g\u0142\u0119boko w nas zostaj\u0105? Sk\u0105d wzi\u0119\u0142a si\u0119 pierwsza opowie\u015b\u0107? W\u0142a\u015bciwie kiedy powsta\u0142a pierwsza powie\u015b\u0107? Czy w og\u00f3le wiadomo, jak to&hellip;","_links":{"self":[{"href":"https:\/\/wiolettalorkowska.pl\/index.php?rest_route=\/wp\/v2\/pages\/135","targetHints":{"allow":["GET"]}}],"collection":[{"href":"https:\/\/wiolettalorkowska.pl\/index.php?rest_route=\/wp\/v2\/pages"}],"about":[{"href":"https:\/\/wiolettalorkowska.pl\/index.php?rest_route=\/wp\/v2\/types\/page"}],"author":[{"embeddable":true,"href":"https:\/\/wiolettalorkowska.pl\/index.php?rest_route=\/wp\/v2\/users\/1"}],"replies":[{"embeddable":true,"href":"https:\/\/wiolettalorkowska.pl\/index.php?rest_route=%2Fwp%2Fv2%2Fcomments&post=135"}],"version-history":[{"count":3,"href":"https:\/\/wiolettalorkowska.pl\/index.php?rest_route=\/wp\/v2\/pages\/135\/revisions"}],"predecessor-version":[{"id":142,"href":"https:\/\/wiolettalorkowska.pl\/index.php?rest_route=\/wp\/v2\/pages\/135\/revisions\/142"}],"wp:attachment":[{"href":"https:\/\/wiolettalorkowska.pl\/index.php?rest_route=%2Fwp%2Fv2%2Fmedia&parent=135"}],"curies":[{"name":"wp","href":"https:\/\/api.w.org\/{rel}","templated":true}]}}